{"id":1522,"date":"2021-03-24T13:09:31","date_gmt":"2021-03-24T17:09:31","guid":{"rendered":"https:\/\/spyvip.com\/?page_id=1522"},"modified":"2024-04-24T12:40:31","modified_gmt":"2024-04-24T16:40:31","slug":"blogue","status":"publish","type":"page","link":"https:\/\/spyvip.com\/fr\/blogue\/","title":{"rendered":"Blogue"},"content":{"rendered":"<p>[et_pb_section fb_built=\u00a0\u00bb1&Prime; custom_padding_last_edited=\u00a0\u00bbon|phone\u00a0\u00bb admin_label=\u00a0\u00bbBlog\u00a0\u00bb _builder_version=\u00a0\u00bb4.23.1&Prime; _module_preset=\u00a0\u00bbdefault\u00a0\u00bb background_color=\u00a0\u00bb#1e1e1e\u00a0\u00bb custom_margin=\u00a0\u00bb||||false|false\u00a0\u00bb custom_padding=\u00a0\u00bb200px||||false|false\u00a0\u00bb custom_padding_tablet=\u00a0\u00bb200px||||false|false\u00a0\u00bb custom_padding_phone=\u00a0\u00bb100px||||false|false\u00a0\u00bb locked=\u00a0\u00bboff\u00a0\u00bb global_colors_info=\u00a0\u00bb{}\u00a0\u00bb][et_pb_row column_structure=\u00a0\u00bb1_2,1_2&Prime; _builder_version=\u00a0\u00bb4.16&Prime; _module_preset=\u00a0\u00bbdefault\u00a0\u00bb global_colors_info=\u00a0\u00bb{}\u00a0\u00bb][et_pb_column type=\u00a0\u00bb1_2&Prime; _builder_version=\u00a0\u00bb4.16&Prime; _module_preset=\u00a0\u00bbdefault\u00a0\u00bb global_colors_info=\u00a0\u00bb{}\u00a0\u00bb][et_pb_text _builder_version=\u00a0\u00bb4.16&Prime; _module_preset=\u00a0\u00bbdefault\u00a0\u00bb header_2_font=\u00a0\u00bb|||on|||||\u00a0\u00bb header_2_text_color=\u00a0\u00bb#FFFFFF\u00a0\u00bb header_2_font_size=\u00a0\u00bb50px\u00a0\u00bb header_2_letter_spacing=\u00a0\u00bb0.1em\u00a0\u00bb header_2_line_height=\u00a0\u00bb1.2em\u00a0\u00bb hover_enabled=\u00a0\u00bb0&Prime; header_2_font_size_tablet=\u00a0\u00bb30px\u00a0\u00bb header_2_font_size_phone=\u00a0\u00bb20px\u00a0\u00bb header_2_font_size_last_edited=\u00a0\u00bbon|phone\u00a0\u00bb locked=\u00a0\u00bboff\u00a0\u00bb global_colors_info=\u00a0\u00bb{}\u00a0\u00bb sticky_enabled=\u00a0\u00bb0&Prime;]<\/p>\n<h2>Blogue<\/h2>\n<p>[\/et_pb_text][\/et_pb_column][et_pb_column type=\u00a0\u00bb1_2&Prime; _builder_version=\u00a0\u00bb4.16&Prime; _module_preset=\u00a0\u00bbdefault\u00a0\u00bb global_colors_info=\u00a0\u00bb{}\u00a0\u00bb][\/et_pb_column][\/et_pb_row][et_pb_row use_custom_gutter=\u00a0\u00bbon\u00a0\u00bb gutter_width=\u00a0\u00bb2&Prime; _builder_version=\u00a0\u00bb4.23.1&Prime; hover_enabled=\u00a0\u00bb0&Prime; global_colors_info=\u00a0\u00bb{}\u00a0\u00bb max_width=\u00a0\u00bb1920px\u00a0\u00bb sticky_enabled=\u00a0\u00bb0&Prime;][et_pb_column type=\u00a0\u00bb4_4&Prime; _builder_version=\u00a0\u00bb4.16&Prime; background_enable_color=\u00a0\u00bboff\u00a0\u00bb background_enable_image=\u00a0\u00bboff\u00a0\u00bb global_colors_info=\u00a0\u00bb{}\u00a0\u00bb][et_pb_post_slider posts_number=\u00a0\u00bb3&Prime; show_meta=\u00a0\u00bboff\u00a0\u00bb bg_overlay_color=\u00a0\u00bb#E5E5E5&Prime; use_text_overlay=\u00a0\u00bboff\u00a0\u00bb arrows_custom_color=\u00a0\u00bb#ffffff\u00a0\u00bb dot_nav_custom_color=\u00a0\u00bb#ffffff\u00a0\u00bb _builder_version=\u00a0\u00bb4.16&Prime; header_font=\u00a0\u00bb|||on|||||\u00a0\u00bb header_text_color=\u00a0\u00bb#000000&Prime; header_font_size=\u00a0\u00bb40px\u00a0\u00bb header_letter_spacing=\u00a0\u00bb0.1em\u00a0\u00bb header_line_height=\u00a0\u00bb1.4em\u00a0\u00bb body_text_color=\u00a0\u00bb#000000&Prime; body_font_size=\u00a0\u00bb16px\u00a0\u00bb body_line_height=\u00a0\u00bb2em\u00a0\u00bb meta_font=\u00a0\u00bb|700||on|||||\u00a0\u00bb meta_font_size=\u00a0\u00bb14px\u00a0\u00bb meta_letter_spacing=\u00a0\u00bb3px\u00a0\u00bb meta_line_height=\u00a0\u00bb1.8em\u00a0\u00bb background_enable_color=\u00a0\u00bboff\u00a0\u00bb custom_button=\u00a0\u00bbon\u00a0\u00bb button_text_size=\u00a0\u00bb14px\u00a0\u00bb button_text_color=\u00a0\u00bb#D40001&Prime; button_bg_color=\u00a0\u00bbrgba(0,0,0,0)\u00a0\u00bb button_border_width=\u00a0\u00bb1px\u00a0\u00bb button_border_radius=\u00a0\u00bb0px\u00a0\u00bb button_letter_spacing=\u00a0\u00bb4px\u00a0\u00bb button_font=\u00a0\u00bb|700||on|||||\u00a0\u00bb button_custom_padding=\u00a0\u00bb15px|30px|15px|30px|true|true\u00a0\u00bb header_font_size_tablet=\u00a0\u00bb22px\u00a0\u00bb header_font_size_phone=\u00a0\u00bb16px\u00a0\u00bb header_font_size_last_edited=\u00a0\u00bbon|desktop\u00a0\u00bb body_font_size_tablet=\u00a0\u00bb14px\u00a0\u00bb body_font_size_phone=\u00a0\u00bb\u00a0\u00bb body_font_size_last_edited=\u00a0\u00bbon|phone\u00a0\u00bb global_colors_info=\u00a0\u00bb{}\u00a0\u00bb][\/et_pb_post_slider][\/et_pb_column][\/et_pb_row][et_pb_row column_structure=\u00a0\u00bb3_4,1_4&Prime; make_equal=\u00a0\u00bbon\u00a0\u00bb _builder_version=\u00a0\u00bb4.16&Prime; _module_preset=\u00a0\u00bbdefault\u00a0\u00bb max_width=\u00a0\u00bb80%\u00a0\u00bb global_colors_info=\u00a0\u00bb{}\u00a0\u00bb][et_pb_column type=\u00a0\u00bb3_4&Prime; _builder_version=\u00a0\u00bb4.16&Prime; _module_preset=\u00a0\u00bbdefault\u00a0\u00bb global_colors_info=\u00a0\u00bb{}\u00a0\u00bb][et_pb_blog fullwidth=\u00a0\u00bboff\u00a0\u00bb posts_number=\u00a0\u00bb6&Prime; excerpt_length=\u00a0\u00bb250&Prime; show_author=\u00a0\u00bboff\u00a0\u00bb show_date=\u00a0\u00bboff\u00a0\u00bb _builder_version=\u00a0\u00bb4.16&Prime; _module_preset=\u00a0\u00bbdefault\u00a0\u00bb header_font=\u00a0\u00bb|700|||||||\u00a0\u00bb header_font_size=\u00a0\u00bb16px\u00a0\u00bb header_line_height=\u00a0\u00bb1.2em\u00a0\u00bb body_line_height=\u00a0\u00bb2em\u00a0\u00bb meta_font=\u00a0\u00bb|700|||||||\u00a0\u00bb meta_text_color=\u00a0\u00bb#D40001&Prime; meta_font_size=\u00a0\u00bb12px\u00a0\u00bb meta_line_height=\u00a0\u00bb1.5em\u00a0\u00bb read_more_text_color=\u00a0\u00bb#D40001&Prime; pagination_font=\u00a0\u00bb|700|||||||\u00a0\u00bb pagination_text_color=\u00a0\u00bb#FFFFFF\u00a0\u00bb pagination_font_size=\u00a0\u00bb16px\u00a0\u00bb pagination_line_height=\u00a0\u00bb1.4em\u00a0\u00bb header_font_size_tablet=\u00a0\u00bb18px\u00a0\u00bb header_font_size_phone=\u00a0\u00bb16px\u00a0\u00bb header_font_size_last_edited=\u00a0\u00bboff|desktop\u00a0\u00bb body_font_size_tablet=\u00a0\u00bb14px\u00a0\u00bb body_font_size_last_edited=\u00a0\u00bboff|desktop\u00a0\u00bb border_width_all=\u00a0\u00bb0px\u00a0\u00bb global_colors_info=\u00a0\u00bb{}\u00a0\u00bb][\/et_pb_blog][\/et_pb_column][et_pb_column type=\u00a0\u00bb1_4&Prime; _builder_version=\u00a0\u00bb4.16&Prime; _module_preset=\u00a0\u00bbdefault\u00a0\u00bb global_colors_info=\u00a0\u00bb{}\u00a0\u00bb][et_pb_sidebar _builder_version=\u00a0\u00bb4.16&Prime; _module_preset=\u00a0\u00bbdefault\u00a0\u00bb header_text_color=\u00a0\u00bb#FFFFFF\u00a0\u00bb body_text_color=\u00a0\u00bb#FFFFFF\u00a0\u00bb global_colors_info=\u00a0\u00bb{}\u00a0\u00bb][\/et_pb_sidebar][\/et_pb_column][\/et_pb_row][\/et_pb_section]<\/p>\n","protected":false},"excerpt":{"rendered":"<p>Blogue<\/p>\n","protected":false},"author":2,"featured_media":1272,"parent":0,"menu_order":0,"comment_status":"closed","ping_status":"closed","template":"","meta":{"_et_pb_use_builder":"on","_et_pb_old_content":"","_et_gb_content_width":"","footnotes":""},"dipi_cpt_category":[],"class_list":["post-1522","page","type-page","status-publish","has-post-thumbnail","hentry"],"yoast_head":"<!-- This site is optimized with the Yoast SEO Premium plugin v25.4 (Yoast SEO v27.4) - https:\/\/yoast.com\/product\/yoast-seo-premium-wordpress\/ -->\n<title>Articles de blogue - Agence d\u00e9tectives priv\u00e9es - Spy VIP<\/title>\n<meta name=\"description\" content=\"Trouvez des r\u00e9ponses \u00e0 vos doutes ou des conseils pour pr\u00e9venir l&#039;espionnage ou les probl\u00e9matiques menant \u00e0 des investigations priv\u00e9es\" \/>\n<meta name=\"robots\" content=\"index, follow, max-snippet:-1, max-image-preview:large, max-video-preview:-1\" \/>\n<link rel=\"canonical\" href=\"https:\/\/spyvip.com\/fr\/blogue\/\" \/>\n<meta property=\"og:locale\" content=\"fr_FR\" \/>\n<meta property=\"og:type\" content=\"article\" \/>\n<meta property=\"og:title\" content=\"Blogue\" \/>\n<meta property=\"og:description\" content=\"Trouvez des r\u00e9ponses \u00e0 vos doutes ou des conseils pour pr\u00e9venir l&#039;espionnage ou les probl\u00e9matiques menant \u00e0 des investigations priv\u00e9es\" \/>\n<meta property=\"og:url\" content=\"https:\/\/spyvip.com\/fr\/blogue\/\" \/>\n<meta property=\"og:site_name\" content=\"Spy VIP\" \/>\n<meta property=\"article:publisher\" content=\"https:\/\/www.facebook.com\/vipinvestigations\/\" \/>\n<meta property=\"article:modified_time\" content=\"2024-04-24T16:40:31+00:00\" \/>\n<meta property=\"og:image\" content=\"https:\/\/spyvip.com\/wp-content\/uploads\/2021\/03\/agence-d-enquete-privee.jpg\" \/>\n\t<meta property=\"og:image:width\" content=\"800\" \/>\n\t<meta property=\"og:image:height\" content=\"400\" \/>\n\t<meta property=\"og:image:type\" content=\"image\/jpeg\" \/>\n<meta name=\"twitter:card\" content=\"summary_large_image\" \/>\n<meta name=\"twitter:label1\" content=\"Dur\u00e9e de lecture estim\u00e9e\" \/>\n\t<meta name=\"twitter:data1\" content=\"5 minutes\" \/>\n<script type=\"application\/ld+json\" class=\"yoast-schema-graph\">{\"@context\":\"https:\\\/\\\/schema.org\",\"@graph\":[{\"@type\":\"WebPage\",\"@id\":\"https:\\\/\\\/spyvip.com\\\/fr\\\/blogue\\\/\",\"url\":\"https:\\\/\\\/spyvip.com\\\/fr\\\/blogue\\\/\",\"name\":\"Articles de blogue - Agence d\u00e9tectives priv\u00e9es - Spy VIP\",\"isPartOf\":{\"@id\":\"https:\\\/\\\/spyvip.com\\\/fr\\\/#website\"},\"primaryImageOfPage\":{\"@id\":\"https:\\\/\\\/spyvip.com\\\/fr\\\/blogue\\\/#primaryimage\"},\"image\":{\"@id\":\"https:\\\/\\\/spyvip.com\\\/fr\\\/blogue\\\/#primaryimage\"},\"thumbnailUrl\":\"https:\\\/\\\/spyvip.com\\\/wp-content\\\/uploads\\\/2021\\\/03\\\/agence-d-enquete-privee.jpg\",\"datePublished\":\"2021-03-24T17:09:31+00:00\",\"dateModified\":\"2024-04-24T16:40:31+00:00\",\"description\":\"Trouvez des r\u00e9ponses \u00e0 vos doutes ou des conseils pour pr\u00e9venir l'espionnage ou les probl\u00e9matiques menant \u00e0 des investigations priv\u00e9es\",\"breadcrumb\":{\"@id\":\"https:\\\/\\\/spyvip.com\\\/fr\\\/blogue\\\/#breadcrumb\"},\"inLanguage\":\"fr-FR\",\"potentialAction\":[{\"@type\":\"ReadAction\",\"target\":[\"https:\\\/\\\/spyvip.com\\\/fr\\\/blogue\\\/\"]}]},{\"@type\":\"ImageObject\",\"inLanguage\":\"fr-FR\",\"@id\":\"https:\\\/\\\/spyvip.com\\\/fr\\\/blogue\\\/#primaryimage\",\"url\":\"https:\\\/\\\/spyvip.com\\\/wp-content\\\/uploads\\\/2021\\\/03\\\/agence-d-enquete-privee.jpg\",\"contentUrl\":\"https:\\\/\\\/spyvip.com\\\/wp-content\\\/uploads\\\/2021\\\/03\\\/agence-d-enquete-privee.jpg\",\"width\":800,\"height\":400,\"caption\":\"conseils pour l'embauche d'une agence d'enqu\u00eate priv\u00e9e\"},{\"@type\":\"BreadcrumbList\",\"@id\":\"https:\\\/\\\/spyvip.com\\\/fr\\\/blogue\\\/#breadcrumb\",\"itemListElement\":[{\"@type\":\"ListItem\",\"position\":1,\"name\":\"Home\",\"item\":\"https:\\\/\\\/spyvip.com\\\/fr\\\/\"},{\"@type\":\"ListItem\",\"position\":2,\"name\":\"Blogue\"}]},{\"@type\":\"WebSite\",\"@id\":\"https:\\\/\\\/spyvip.com\\\/fr\\\/#website\",\"url\":\"https:\\\/\\\/spyvip.com\\\/fr\\\/\",\"name\":\"Spy VIP\",\"description\":\"Agence d&#039;investigation priv\u00e9e\",\"publisher\":{\"@id\":\"https:\\\/\\\/spyvip.com\\\/fr\\\/#organization\"},\"potentialAction\":[{\"@type\":\"SearchAction\",\"target\":{\"@type\":\"EntryPoint\",\"urlTemplate\":\"https:\\\/\\\/spyvip.com\\\/fr\\\/?s={search_term_string}\"},\"query-input\":{\"@type\":\"PropertyValueSpecification\",\"valueRequired\":true,\"valueName\":\"search_term_string\"}}],\"inLanguage\":\"fr-FR\"},{\"@type\":\"Organization\",\"@id\":\"https:\\\/\\\/spyvip.com\\\/fr\\\/#organization\",\"name\":\"VIP Investigation\",\"url\":\"https:\\\/\\\/spyvip.com\\\/fr\\\/\",\"logo\":{\"@type\":\"ImageObject\",\"inLanguage\":\"fr-FR\",\"@id\":\"https:\\\/\\\/spyvip.com\\\/fr\\\/#\\\/schema\\\/logo\\\/image\\\/\",\"url\":\"https:\\\/\\\/spyvip.com\\\/wp-content\\\/uploads\\\/2021\\\/03\\\/vip-logo.jpg\",\"contentUrl\":\"https:\\\/\\\/spyvip.com\\\/wp-content\\\/uploads\\\/2021\\\/03\\\/vip-logo.jpg\",\"width\":700,\"height\":350,\"caption\":\"VIP Investigation\"},\"image\":{\"@id\":\"https:\\\/\\\/spyvip.com\\\/fr\\\/#\\\/schema\\\/logo\\\/image\\\/\"},\"sameAs\":[\"https:\\\/\\\/www.facebook.com\\\/vipinvestigations\\\/\",\"https:\\\/\\\/www.linkedin.com\\\/company\\\/vip-investigations-inc.\\\/\",\"https:\\\/\\\/www.youtube.com\\\/channel\\\/UCjkQndMhSkXDZijaE5vlOSg\"]}]}<\/script>\n<!-- \/ Yoast SEO Premium plugin. -->","yoast_head_json":{"title":"Articles de blogue - Agence d\u00e9tectives priv\u00e9es - Spy VIP","description":"Trouvez des r\u00e9ponses \u00e0 vos doutes ou des conseils pour pr\u00e9venir l'espionnage ou les probl\u00e9matiques menant \u00e0 des investigations priv\u00e9es","robots":{"index":"index","follow":"follow","max-snippet":"max-snippet:-1","max-image-preview":"max-image-preview:large","max-video-preview":"max-video-preview:-1"},"canonical":"https:\/\/spyvip.com\/fr\/blogue\/","og_locale":"fr_FR","og_type":"article","og_title":"Blogue","og_description":"Trouvez des r\u00e9ponses \u00e0 vos doutes ou des conseils pour pr\u00e9venir l'espionnage ou les probl\u00e9matiques menant \u00e0 des investigations priv\u00e9es","og_url":"https:\/\/spyvip.com\/fr\/blogue\/","og_site_name":"Spy VIP","article_publisher":"https:\/\/www.facebook.com\/vipinvestigations\/","article_modified_time":"2024-04-24T16:40:31+00:00","og_image":[{"width":800,"height":400,"url":"https:\/\/spyvip.com\/wp-content\/uploads\/2021\/03\/agence-d-enquete-privee.jpg","type":"image\/jpeg"}],"twitter_card":"summary_large_image","twitter_misc":{"Dur\u00e9e de lecture estim\u00e9e":"5 minutes"},"schema":{"@context":"https:\/\/schema.org","@graph":[{"@type":"WebPage","@id":"https:\/\/spyvip.com\/fr\/blogue\/","url":"https:\/\/spyvip.com\/fr\/blogue\/","name":"Articles de blogue - Agence d\u00e9tectives priv\u00e9es - Spy VIP","isPartOf":{"@id":"https:\/\/spyvip.com\/fr\/#website"},"primaryImageOfPage":{"@id":"https:\/\/spyvip.com\/fr\/blogue\/#primaryimage"},"image":{"@id":"https:\/\/spyvip.com\/fr\/blogue\/#primaryimage"},"thumbnailUrl":"https:\/\/spyvip.com\/wp-content\/uploads\/2021\/03\/agence-d-enquete-privee.jpg","datePublished":"2021-03-24T17:09:31+00:00","dateModified":"2024-04-24T16:40:31+00:00","description":"Trouvez des r\u00e9ponses \u00e0 vos doutes ou des conseils pour pr\u00e9venir l'espionnage ou les probl\u00e9matiques menant \u00e0 des investigations priv\u00e9es","breadcrumb":{"@id":"https:\/\/spyvip.com\/fr\/blogue\/#breadcrumb"},"inLanguage":"fr-FR","potentialAction":[{"@type":"ReadAction","target":["https:\/\/spyvip.com\/fr\/blogue\/"]}]},{"@type":"ImageObject","inLanguage":"fr-FR","@id":"https:\/\/spyvip.com\/fr\/blogue\/#primaryimage","url":"https:\/\/spyvip.com\/wp-content\/uploads\/2021\/03\/agence-d-enquete-privee.jpg","contentUrl":"https:\/\/spyvip.com\/wp-content\/uploads\/2021\/03\/agence-d-enquete-privee.jpg","width":800,"height":400,"caption":"conseils pour l'embauche d'une agence d'enqu\u00eate priv\u00e9e"},{"@type":"BreadcrumbList","@id":"https:\/\/spyvip.com\/fr\/blogue\/#breadcrumb","itemListElement":[{"@type":"ListItem","position":1,"name":"Home","item":"https:\/\/spyvip.com\/fr\/"},{"@type":"ListItem","position":2,"name":"Blogue"}]},{"@type":"WebSite","@id":"https:\/\/spyvip.com\/fr\/#website","url":"https:\/\/spyvip.com\/fr\/","name":"Spy VIP","description":"Agence d&#039;investigation priv\u00e9e","publisher":{"@id":"https:\/\/spyvip.com\/fr\/#organization"},"potentialAction":[{"@type":"SearchAction","target":{"@type":"EntryPoint","urlTemplate":"https:\/\/spyvip.com\/fr\/?s={search_term_string}"},"query-input":{"@type":"PropertyValueSpecification","valueRequired":true,"valueName":"search_term_string"}}],"inLanguage":"fr-FR"},{"@type":"Organization","@id":"https:\/\/spyvip.com\/fr\/#organization","name":"VIP Investigation","url":"https:\/\/spyvip.com\/fr\/","logo":{"@type":"ImageObject","inLanguage":"fr-FR","@id":"https:\/\/spyvip.com\/fr\/#\/schema\/logo\/image\/","url":"https:\/\/spyvip.com\/wp-content\/uploads\/2021\/03\/vip-logo.jpg","contentUrl":"https:\/\/spyvip.com\/wp-content\/uploads\/2021\/03\/vip-logo.jpg","width":700,"height":350,"caption":"VIP Investigation"},"image":{"@id":"https:\/\/spyvip.com\/fr\/#\/schema\/logo\/image\/"},"sameAs":["https:\/\/www.facebook.com\/vipinvestigations\/","https:\/\/www.linkedin.com\/company\/vip-investigations-inc.\/","https:\/\/www.youtube.com\/channel\/UCjkQndMhSkXDZijaE5vlOSg"]}]}},"_links":{"self":[{"href":"https:\/\/spyvip.com\/fr\/wp-json\/wp\/v2\/pages\/1522","targetHints":{"allow":["GET"]}}],"collection":[{"href":"https:\/\/spyvip.com\/fr\/wp-json\/wp\/v2\/pages"}],"about":[{"href":"https:\/\/spyvip.com\/fr\/wp-json\/wp\/v2\/types\/page"}],"author":[{"embeddable":true,"href":"https:\/\/spyvip.com\/fr\/wp-json\/wp\/v2\/users\/2"}],"replies":[{"embeddable":true,"href":"https:\/\/spyvip.com\/fr\/wp-json\/wp\/v2\/comments?post=1522"}],"version-history":[{"count":9,"href":"https:\/\/spyvip.com\/fr\/wp-json\/wp\/v2\/pages\/1522\/revisions"}],"predecessor-version":[{"id":25957811,"href":"https:\/\/spyvip.com\/fr\/wp-json\/wp\/v2\/pages\/1522\/revisions\/25957811"}],"wp:featuredmedia":[{"embeddable":true,"href":"https:\/\/spyvip.com\/fr\/wp-json\/wp\/v2\/media\/1272"}],"wp:attachment":[{"href":"https:\/\/spyvip.com\/fr\/wp-json\/wp\/v2\/media?parent=1522"}],"wp:term":[{"taxonomy":"dipi_cpt_category","embeddable":true,"href":"https:\/\/spyvip.com\/fr\/wp-json\/wp\/v2\/dipi_cpt_category?post=1522"}],"curies":[{"name":"wp","href":"https:\/\/api.w.org\/{rel}","templated":true}]}}