{"id":240144,"date":"2023-10-04T14:48:41","date_gmt":"2023-10-04T18:48:41","guid":{"rendered":"https:\/\/spyvip.com\/?page_id=240144"},"modified":"2023-11-20T10:59:58","modified_gmt":"2023-11-20T15:59:58","slug":"remerciement","status":"publish","type":"page","link":"https:\/\/spyvip.com\/fr\/remerciement\/","title":{"rendered":"Remerciement"},"content":{"rendered":"<p>[et_pb_section fb_built=\u00a0\u00bb1&Prime; _builder_version=\u00a0\u00bb4.22.1&Prime; _module_preset=\u00a0\u00bbdefault\u00a0\u00bb global_colors_info=\u00a0\u00bb{}\u00a0\u00bb][et_pb_row _builder_version=\u00a0\u00bb4.22.1&Prime; _module_preset=\u00a0\u00bbdefault\u00a0\u00bb custom_margin=\u00a0\u00bb8%|auto|8%|auto|true|false\u00a0\u00bb custom_margin_tablet=\u00a0\u00bb20%||10%||false|false\u00a0\u00bb custom_margin_phone=\u00a0\u00bb75%||0%||false|false\u00a0\u00bb custom_margin_last_edited=\u00a0\u00bbon|phone\u00a0\u00bb global_colors_info=\u00a0\u00bb{}\u00a0\u00bb][et_pb_column type=\u00a0\u00bb4_4&Prime; _builder_version=\u00a0\u00bb4.22.1&Prime; _module_preset=\u00a0\u00bbdefault\u00a0\u00bb global_colors_info=\u00a0\u00bb{}\u00a0\u00bb][et_pb_text _builder_version=\u00a0\u00bb4.22.1&Prime; _module_preset=\u00a0\u00bbdefault\u00a0\u00bb text_font_size=\u00a0\u00bb16px\u00a0\u00bb header_font=\u00a0\u00bb|||on|||||\u00a0\u00bb header_font_size=\u00a0\u00bb40px\u00a0\u00bb text_orientation=\u00a0\u00bbcenter\u00a0\u00bb custom_margin=\u00a0\u00bb6%||5%||false|false\u00a0\u00bb global_colors_info=\u00a0\u00bb{}\u00a0\u00bb]<\/p>\n<h1>Merci !<\/h1>\n<p><span>Votre\u00a0requ\u00eate\u00a0a bien \u00e9t\u00e9 envoy\u00e9e !<\/span><\/p>\n<p>[\/et_pb_text][et_pb_button button_url=\u00a0\u00bb@ET-DC@eyJkeW5hbWljIjp0cnVlLCJjb250ZW50IjoiaG9tZV91cmwiLCJzZXR0aW5ncyI6e319@\u00a0\u00bb button_text=\u00a0\u00bbRetourner \u00e0 la page d\u2019accueil\u00a0\u00bb button_alignment=\u00a0\u00bbcenter\u00a0\u00bb _builder_version=\u00a0\u00bb4.22.1&Prime; _dynamic_attributes=\u00a0\u00bbbutton_url\u00a0\u00bb _module_preset=\u00a0\u00bbdefault\u00a0\u00bb custom_button=\u00a0\u00bbon\u00a0\u00bb button_text_size=\u00a0\u00bb14px\u00a0\u00bb button_text_color=\u00a0\u00bb#FFFFFF\u00a0\u00bb button_bg_color=\u00a0\u00bb#D40001&Prime; button_border_width=\u00a0\u00bb0px\u00a0\u00bb button_border_radius=\u00a0\u00bb0px\u00a0\u00bb button_letter_spacing=\u00a0\u00bb1px\u00a0\u00bb button_font=\u00a0\u00bb|700||on|||||\u00a0\u00bb button_use_icon=\u00a0\u00bboff\u00a0\u00bb custom_padding=\u00a0\u00bb16px|64px|16px|64px|true|true\u00a0\u00bb global_colors_info=\u00a0\u00bb{}\u00a0\u00bb button_bg_color__hover_enabled=\u00a0\u00bbon|hover\u00a0\u00bb button_bg_color__hover=\u00a0\u00bb#1E1E1E\u00a0\u00bb button_bg_enable_color__hover=\u00a0\u00bbon\u00a0\u00bb][\/et_pb_button][\/et_pb_column][\/et_pb_row][\/et_pb_section]<\/p>\n","protected":false},"excerpt":{"rendered":"<p>Merci ! Votre\u00a0requ\u00eate\u00a0a bien \u00e9t\u00e9 envoy\u00e9e !<\/p>\n","protected":false},"author":2,"featured_media":0,"parent":0,"menu_order":0,"comment_status":"closed","ping_status":"closed","template":"","meta":{"_et_pb_use_builder":"on","_et_pb_old_content":"","_et_gb_content_width":"","footnotes":""},"dipi_cpt_category":[],"class_list":["post-240144","page","type-page","status-publish","hentry"],"yoast_head":"<!-- This site is optimized with the Yoast SEO Premium plugin v25.4 (Yoast SEO v27.4) - https:\/\/yoast.com\/product\/yoast-seo-premium-wordpress\/ -->\n<title>Remerciement - Spy VIP<\/title>\n<meta name=\"robots\" content=\"noindex, follow\" \/>\n<meta property=\"og:locale\" content=\"fr_FR\" \/>\n<meta property=\"og:type\" content=\"article\" \/>\n<meta property=\"og:title\" content=\"Remerciement\" \/>\n<meta property=\"og:url\" content=\"https:\/\/spyvip.com\/fr\/remerciement\/\" \/>\n<meta property=\"og:site_name\" content=\"Spy VIP\" \/>\n<meta property=\"article:publisher\" content=\"https:\/\/www.facebook.com\/vipinvestigations\/\" \/>\n<meta property=\"article:modified_time\" content=\"2023-11-20T15:59:58+00:00\" \/>\n<meta property=\"og:image\" content=\"https:\/\/spyvip.com\/wp-content\/uploads\/2021\/03\/vip-logo.jpg\" \/>\n\t<meta property=\"og:image:width\" content=\"700\" \/>\n\t<meta property=\"og:image:height\" content=\"350\" \/>\n\t<meta property=\"og:image:type\" content=\"image\/jpeg\" \/>\n<meta name=\"twitter:card\" content=\"summary_large_image\" \/>\n<meta name=\"twitter:label1\" content=\"Dur\u00e9e de lecture estim\u00e9e\" \/>\n\t<meta name=\"twitter:data1\" content=\"1 minute\" \/>\n<script type=\"application\/ld+json\" class=\"yoast-schema-graph\">{\"@context\":\"https:\\\/\\\/schema.org\",\"@graph\":[{\"@type\":\"WebPage\",\"@id\":\"https:\\\/\\\/spyvip.com\\\/fr\\\/remerciement\\\/\",\"url\":\"https:\\\/\\\/spyvip.com\\\/fr\\\/remerciement\\\/\",\"name\":\"Remerciement - Spy VIP\",\"isPartOf\":{\"@id\":\"https:\\\/\\\/spyvip.com\\\/fr\\\/#website\"},\"datePublished\":\"2023-10-04T18:48:41+00:00\",\"dateModified\":\"2023-11-20T15:59:58+00:00\",\"breadcrumb\":{\"@id\":\"https:\\\/\\\/spyvip.com\\\/fr\\\/remerciement\\\/#breadcrumb\"},\"inLanguage\":\"fr-FR\",\"potentialAction\":[{\"@type\":\"ReadAction\",\"target\":[\"https:\\\/\\\/spyvip.com\\\/fr\\\/remerciement\\\/\"]}]},{\"@type\":\"BreadcrumbList\",\"@id\":\"https:\\\/\\\/spyvip.com\\\/fr\\\/remerciement\\\/#breadcrumb\",\"itemListElement\":[{\"@type\":\"ListItem\",\"position\":1,\"name\":\"Home\",\"item\":\"https:\\\/\\\/spyvip.com\\\/fr\\\/\"},{\"@type\":\"ListItem\",\"position\":2,\"name\":\"Remerciement\"}]},{\"@type\":\"WebSite\",\"@id\":\"https:\\\/\\\/spyvip.com\\\/fr\\\/#website\",\"url\":\"https:\\\/\\\/spyvip.com\\\/fr\\\/\",\"name\":\"Spy VIP\",\"description\":\"Agence d&#039;investigation priv\u00e9e\",\"publisher\":{\"@id\":\"https:\\\/\\\/spyvip.com\\\/fr\\\/#organization\"},\"potentialAction\":[{\"@type\":\"SearchAction\",\"target\":{\"@type\":\"EntryPoint\",\"urlTemplate\":\"https:\\\/\\\/spyvip.com\\\/fr\\\/?s={search_term_string}\"},\"query-input\":{\"@type\":\"PropertyValueSpecification\",\"valueRequired\":true,\"valueName\":\"search_term_string\"}}],\"inLanguage\":\"fr-FR\"},{\"@type\":\"Organization\",\"@id\":\"https:\\\/\\\/spyvip.com\\\/fr\\\/#organization\",\"name\":\"VIP Investigation\",\"url\":\"https:\\\/\\\/spyvip.com\\\/fr\\\/\",\"logo\":{\"@type\":\"ImageObject\",\"inLanguage\":\"fr-FR\",\"@id\":\"https:\\\/\\\/spyvip.com\\\/fr\\\/#\\\/schema\\\/logo\\\/image\\\/\",\"url\":\"https:\\\/\\\/spyvip.com\\\/wp-content\\\/uploads\\\/2021\\\/03\\\/vip-logo.jpg\",\"contentUrl\":\"https:\\\/\\\/spyvip.com\\\/wp-content\\\/uploads\\\/2021\\\/03\\\/vip-logo.jpg\",\"width\":700,\"height\":350,\"caption\":\"VIP Investigation\"},\"image\":{\"@id\":\"https:\\\/\\\/spyvip.com\\\/fr\\\/#\\\/schema\\\/logo\\\/image\\\/\"},\"sameAs\":[\"https:\\\/\\\/www.facebook.com\\\/vipinvestigations\\\/\",\"https:\\\/\\\/www.linkedin.com\\\/company\\\/vip-investigations-inc.\\\/\",\"https:\\\/\\\/www.youtube.com\\\/channel\\\/UCjkQndMhSkXDZijaE5vlOSg\"]}]}<\/script>\n<!-- \/ Yoast SEO Premium plugin. -->","yoast_head_json":{"title":"Remerciement - Spy VIP","robots":{"index":"noindex","follow":"follow"},"og_locale":"fr_FR","og_type":"article","og_title":"Remerciement","og_url":"https:\/\/spyvip.com\/fr\/remerciement\/","og_site_name":"Spy VIP","article_publisher":"https:\/\/www.facebook.com\/vipinvestigations\/","article_modified_time":"2023-11-20T15:59:58+00:00","og_image":[{"width":700,"height":350,"url":"https:\/\/spyvip.com\/wp-content\/uploads\/2021\/03\/vip-logo.jpg","type":"image\/jpeg"}],"twitter_card":"summary_large_image","twitter_misc":{"Dur\u00e9e de lecture estim\u00e9e":"1 minute"},"schema":{"@context":"https:\/\/schema.org","@graph":[{"@type":"WebPage","@id":"https:\/\/spyvip.com\/fr\/remerciement\/","url":"https:\/\/spyvip.com\/fr\/remerciement\/","name":"Remerciement - Spy VIP","isPartOf":{"@id":"https:\/\/spyvip.com\/fr\/#website"},"datePublished":"2023-10-04T18:48:41+00:00","dateModified":"2023-11-20T15:59:58+00:00","breadcrumb":{"@id":"https:\/\/spyvip.com\/fr\/remerciement\/#breadcrumb"},"inLanguage":"fr-FR","potentialAction":[{"@type":"ReadAction","target":["https:\/\/spyvip.com\/fr\/remerciement\/"]}]},{"@type":"BreadcrumbList","@id":"https:\/\/spyvip.com\/fr\/remerciement\/#breadcrumb","itemListElement":[{"@type":"ListItem","position":1,"name":"Home","item":"https:\/\/spyvip.com\/fr\/"},{"@type":"ListItem","position":2,"name":"Remerciement"}]},{"@type":"WebSite","@id":"https:\/\/spyvip.com\/fr\/#website","url":"https:\/\/spyvip.com\/fr\/","name":"Spy VIP","description":"Agence d&#039;investigation priv\u00e9e","publisher":{"@id":"https:\/\/spyvip.com\/fr\/#organization"},"potentialAction":[{"@type":"SearchAction","target":{"@type":"EntryPoint","urlTemplate":"https:\/\/spyvip.com\/fr\/?s={search_term_string}"},"query-input":{"@type":"PropertyValueSpecification","valueRequired":true,"valueName":"search_term_string"}}],"inLanguage":"fr-FR"},{"@type":"Organization","@id":"https:\/\/spyvip.com\/fr\/#organization","name":"VIP Investigation","url":"https:\/\/spyvip.com\/fr\/","logo":{"@type":"ImageObject","inLanguage":"fr-FR","@id":"https:\/\/spyvip.com\/fr\/#\/schema\/logo\/image\/","url":"https:\/\/spyvip.com\/wp-content\/uploads\/2021\/03\/vip-logo.jpg","contentUrl":"https:\/\/spyvip.com\/wp-content\/uploads\/2021\/03\/vip-logo.jpg","width":700,"height":350,"caption":"VIP Investigation"},"image":{"@id":"https:\/\/spyvip.com\/fr\/#\/schema\/logo\/image\/"},"sameAs":["https:\/\/www.facebook.com\/vipinvestigations\/","https:\/\/www.linkedin.com\/company\/vip-investigations-inc.\/","https:\/\/www.youtube.com\/channel\/UCjkQndMhSkXDZijaE5vlOSg"]}]}},"_links":{"self":[{"href":"https:\/\/spyvip.com\/fr\/wp-json\/wp\/v2\/pages\/240144","targetHints":{"allow":["GET"]}}],"collection":[{"href":"https:\/\/spyvip.com\/fr\/wp-json\/wp\/v2\/pages"}],"about":[{"href":"https:\/\/spyvip.com\/fr\/wp-json\/wp\/v2\/types\/page"}],"author":[{"embeddable":true,"href":"https:\/\/spyvip.com\/fr\/wp-json\/wp\/v2\/users\/2"}],"replies":[{"embeddable":true,"href":"https:\/\/spyvip.com\/fr\/wp-json\/wp\/v2\/comments?post=240144"}],"version-history":[{"count":10,"href":"https:\/\/spyvip.com\/fr\/wp-json\/wp\/v2\/pages\/240144\/revisions"}],"predecessor-version":[{"id":240247,"href":"https:\/\/spyvip.com\/fr\/wp-json\/wp\/v2\/pages\/240144\/revisions\/240247"}],"wp:attachment":[{"href":"https:\/\/spyvip.com\/fr\/wp-json\/wp\/v2\/media?parent=240144"}],"wp:term":[{"taxonomy":"dipi_cpt_category","embeddable":true,"href":"https:\/\/spyvip.com\/fr\/wp-json\/wp\/v2\/dipi_cpt_category?post=240144"}],"curies":[{"name":"wp","href":"https:\/\/api.w.org\/{rel}","templated":true}]}}