{"id":3,"date":"2020-10-16T00:05:35","date_gmt":"2020-10-16T00:05:35","guid":{"rendered":"https:\/\/spyvip.com\/?page_id=3"},"modified":"2026-02-12T10:19:20","modified_gmt":"2026-02-12T15:19:20","slug":"politique-de-confidentialite","status":"publish","type":"page","link":"https:\/\/spyvip.com\/fr\/politique-de-confidentialite\/","title":{"rendered":"Politique de confidentialit\u00e9"},"content":{"rendered":"<p>[et_pb_section fb_built=\u00a0\u00bb1&Prime; _builder_version=\u00a0\u00bb4.16&Prime; _module_preset=\u00a0\u00bbdefault\u00a0\u00bb background_color=\u00a0\u00bb#000000&Prime; custom_padding=\u00a0\u00bb12%||||false|false\u00a0\u00bb global_colors_info=\u00a0\u00bb{}\u00a0\u00bb][et_pb_row _builder_version=\u00a0\u00bb4.16&Prime; _module_preset=\u00a0\u00bbdefault\u00a0\u00bb global_colors_info=\u00a0\u00bb{}\u00a0\u00bb][et_pb_column type=\u00a0\u00bb4_4&Prime; _builder_version=\u00a0\u00bb4.16&Prime; _module_preset=\u00a0\u00bbdefault\u00a0\u00bb global_colors_info=\u00a0\u00bb{}\u00a0\u00bb][et_pb_text _builder_version=\u00a0\u00bb4.27.0&Prime; _module_preset=\u00a0\u00bbdefault\u00a0\u00bb text_font=\u00a0\u00bb||||||||\u00a0\u00bb text_text_color=\u00a0\u00bb#FFFFFF\u00a0\u00bb header_font=\u00a0\u00bb|||on|||||\u00a0\u00bb header_text_color=\u00a0\u00bb#FFFFFF\u00a0\u00bb header_font_size=\u00a0\u00bb48px\u00a0\u00bb header_2_text_color=\u00a0\u00bb#FFFFFF\u00a0\u00bb header_3_text_color=\u00a0\u00bb#FFFFFF\u00a0\u00bb header_4_text_color=\u00a0\u00bb#FFFFFF\u00a0\u00bb custom_margin=\u00a0\u00bb0px||||false|false\u00a0\u00bb custom_margin_tablet=\u00a0\u00bb132px||||false|false\u00a0\u00bb custom_margin_phone=\u00a0\u00bb270px||||false|false\u00a0\u00bb custom_margin_last_edited=\u00a0\u00bbon|desktop\u00a0\u00bb hover_enabled=\u00a0\u00bb0&Prime; header_font_size_tablet=\u00a0\u00bb40px\u00a0\u00bb header_font_size_phone=\u00a0\u00bb32px\u00a0\u00bb header_font_size_last_edited=\u00a0\u00bbon|phone\u00a0\u00bb global_colors_info=\u00a0\u00bb{}\u00a0\u00bb sticky_enabled=\u00a0\u00bb0&Prime;]<\/p>\n<h1>Politique de confidentialit\u00e9<\/h1>\n<h2><span style=\"font-weight: 400;\">Introduction<\/span><\/h2>\n<p><span style=\"font-weight: 400;\">VIP Investigations, soci\u00e9t\u00e9 op\u00e9ratrice du site Internet VIP Investigations, s\u2019engage \u00e0 respecter la vie priv\u00e9e de ses utilisateurs. Cette politique de confidentialit\u00e9 a pour but d\u2019exposer comment sont trait\u00e9s les renseignements personnels recueillis par le biais de notre site web \u00e0 l\u2019adresse suivante : <\/span><a href=\"https:\/\/spyvip.com\/fr\/\"><span style=\"font-weight: 400;\">spyvip.com<\/span><\/a><span style=\"font-weight: 400;\">.\u00a0<\/span><\/p>\n<p>&nbsp;<\/p>\n<p><span style=\"font-weight: 400;\">En nous fournissant vos informations personnelles ou en utilisant notre Site Web, vous consentez \u00e0 \u00eatre li\u00e9 par la pr\u00e9sente politique.\u00a0<\/span><\/p>\n<h2><span style=\"font-weight: 400;\">Collecte des renseignements personnels<\/span><\/h2>\n<ul>\n<li style=\"font-weight: 400;\" aria-level=\"1\"><span style=\"font-weight: 400;\">Pr\u00e9nom\u00a0<\/span><\/li>\n<li style=\"font-weight: 400;\" aria-level=\"1\"><span style=\"font-weight: 400;\">Nom<\/span><\/li>\n<li style=\"font-weight: 400;\" aria-level=\"1\"><span style=\"font-weight: 400;\">Adresse \u00e9lectronique<\/span><\/li>\n<li style=\"font-weight: 400;\" aria-level=\"1\"><span style=\"font-weight: 400;\">Num\u00e9ro de t\u00e9l\u00e9phone<\/span><\/li>\n<li style=\"font-weight: 400;\" aria-level=\"1\"><span style=\"font-weight: 400;\">Adresse civique<\/span><\/li>\n<li style=\"font-weight: 400;\" aria-level=\"1\"><span style=\"font-weight: 400;\">Pr\u00e9f\u00e9rences de communication<\/span><\/li>\n<li style=\"font-weight: 400;\" aria-level=\"1\"><span style=\"font-weight: 400;\">Date de naissance<\/span><\/li>\n<li style=\"font-weight: 400;\" aria-level=\"1\"><span style=\"font-weight: 400;\">Photo<\/span><\/li>\n<li style=\"font-weight: 400;\" aria-level=\"1\"><span style=\"font-weight: 400;\">Description physique<\/span><\/li>\n<li style=\"font-weight: 400;\" aria-level=\"1\"><span style=\"font-weight: 400;\">Identifiant de voiture<\/span><\/li>\n<li style=\"font-weight: 400;\" aria-level=\"1\"><span style=\"font-weight: 400;\">Autres identifiants personnels selon le mandat<\/span><\/li>\n<\/ul>\n<p><span style=\"font-weight: 400;\">Les renseignements personnels que nous collectons sont recueillis au travers de formulaires. Nous utilisons \u00e9galement, comme indiqu\u00e9 dans la section suivante, des fichiers t\u00e9moins pour r\u00e9unir des informations vous concernant.<\/span><\/p>\n<h3><span style=\"font-weight: 400;\">Formulaires\u00a0<\/span><\/h3>\n<p><span style=\"font-weight: 400;\">Vos renseignements personnels sont collect\u00e9s par le biais de formulaire, \u00e0 savoir :<\/span><\/p>\n<ul>\n<li style=\"font-weight: 400;\" aria-level=\"1\"><span style=\"font-weight: 400;\">Formulaire de contact<\/span><\/li>\n<li style=\"font-weight: 400;\" aria-level=\"1\"><span style=\"font-weight: 400;\">Formulaire de recherche<\/span><\/li>\n<li style=\"font-weight: 400;\" aria-level=\"1\"><span style=\"font-weight: 400;\">Formulaire de surveillance<\/span><\/li>\n<\/ul>\n<p><span style=\"font-weight: 400;\">Nous utilisons les renseignements ainsi collect\u00e9s pour les finalit\u00e9s suivantes :<\/span><\/p>\n<ul>\n<li style=\"font-weight: 400;\" aria-level=\"1\"><span style=\"font-weight: 400;\">Ex\u00e9cution des mandats<\/span><\/li>\n<li style=\"font-weight: 400;\" aria-level=\"1\"><span style=\"font-weight: 400;\">Statistiques<\/span><\/li>\n<li style=\"font-weight: 400;\" aria-level=\"1\"><span style=\"font-weight: 400;\">Contact<\/span><\/li>\n<\/ul>\n<h3><span style=\"font-weight: 400;\">Donn\u00e9es <\/span><span style=\"font-weight: 400;\">recueillies<\/span><span style=\"font-weight: 400;\"> automatiquement<\/span><\/h3>\n<p><span style=\"font-weight: 400;\">Nous recueillons \u00e9galement de l\u2019information technologique qui est automatiquement communiqu\u00e9e lorsqu\u2019un utilisateur visite la plateforme, notamment par l\u2019entremise de fichiers de t\u00e9moin (cookies), de fichiers journaux (log files), de l\u2019adresse IP ou d\u2019autres dispositifs similaires tels que Google Analytics et Google Tag Manager. Ces informations technologiques comprennent : l\u2019adresse IP, le navigateur Web, le syst\u00e8me d\u2019exploitation, flux de clics, pr\u00e9f\u00e9rences et historique de navigation. Il est possible de refuser l\u2019utilisation des fichiers t\u00e9moins (cookies) en s\u00e9lectionnant dans la banni\u00e8re \u201crefuser\u201d. Veuillez toutefois noter que dans un tel cas, certaines fonctionnalit\u00e9s de la plateforme pourraient ne pas fonctionner ad\u00e9quatement.\u00a0<\/span><\/p>\n<p><span style=\"font-weight: 400;\">Les donn\u00e9es recueillies automatiquement le sont pour les fins suivantes :\u00a0<\/span><\/p>\n<ul>\n<li style=\"font-weight: 400;\" aria-level=\"1\"><span style=\"font-weight: 400;\">Bon fonctionnement du site web<\/span><\/li>\n<li style=\"font-weight: 400;\" aria-level=\"1\"><span style=\"font-weight: 400;\">Faciliter la navigation<\/span><\/li>\n<li style=\"font-weight: 400;\" aria-level=\"1\"><span style=\"font-weight: 400;\">Analyser les donn\u00e9es de navigation<\/span><\/li>\n<li style=\"font-weight: 400;\" aria-level=\"1\"><span style=\"font-weight: 400;\">Mesurer la performance\u00a0<\/span><\/li>\n<\/ul>\n<h2><span style=\"font-weight: 400;\">Droit d\u2019opposition et de retrait<\/span><\/h2>\n<p><span style=\"font-weight: 400;\">Nous nous engageons \u00e0 vous offrir un droit d\u2019opposition et de retrait quant \u00e0 vos renseignements personnels.<\/span><\/p>\n<p><span style=\"font-weight: 400;\">Le droit d\u2019opposition s\u2019entend comme \u00e9tant la possibilit\u00e9 offerte aux utilisateurs de refuser que leurs renseignements personnels soient utilis\u00e9s \u00e0 certaines fins mentionn\u00e9es lors de la collecte.<\/span><\/p>\n<p><span style=\"font-weight: 400;\">Le droit de retrait s\u2019entend comme \u00e9tant la possibilit\u00e9 offerte aux utilisateurs de demander \u00e0 ce que leurs renseignements personnels ne figurent plus, par exemple, dans une liste de diffusion.<\/span><\/p>\n<p><span style=\"font-weight: 400;\">Un utilisateur peut faire une demande \u00e0 cet effet en communiquant avec nous par courriel \u00e0 <\/span><a href=\"mailto:info@spyvip.com\"><span style=\"font-weight: 400;\">info@spyvip.com<\/span><\/a><span style=\"font-weight: 400;\">.<\/span><\/p>\n<h2><span style=\"font-weight: 400;\">Droit d\u2019acc\u00e8s<\/span><\/h2>\n<p><span style=\"font-weight: 400;\">Nous nous engageons \u00e0 reconna\u00eetre un droit d\u2019acc\u00e8s et de rectification aux personnes concern\u00e9es d\u00e9sireuses de consulter, modifier, voire radier les informations les concernant.<\/span><\/p>\n<p><span style=\"font-weight: 400;\">Tout utilisateur a le droit de refuser la divulgation de ses renseignements personnels et peut faire valoir ce droit en envoyant un avis \u00e9crit par courriel \u00e0 <\/span><a href=\"mailto:info@spyvip.com\"><span style=\"font-weight: 400;\">info@spyvip.com<\/span><\/a><span style=\"font-weight: 400;\">.<\/span><\/p>\n<h2><span style=\"font-weight: 400;\">Conservation et destruction des Renseignements personnels<\/span><\/h2>\n<p><span style=\"font-weight: 400;\">VIP Investigations conserve vos renseignements personnels de mani\u00e8re s\u00e9curitaire tant et aussi longtemps qu\u2019il les utilise afin de mener ses activit\u00e9s.<\/span><\/p>\n<p><span style=\"font-weight: 400;\">Une fois la dur\u00e9e de vie des renseignements personnels atteinte, VIP Investigations s\u2019assure de les d\u00e9truire ou de les anonymiser. La destruction ou l\u2019anonymisation s\u2019effectue de mani\u00e8re s\u00e9curitaire, selon les meilleures pratiques applicables.<\/span><\/p>\n<h2><span style=\"font-weight: 400;\">S\u00e9curit\u00e9<\/span><\/h2>\n<p><span style=\"font-weight: 400;\">Les renseignements personnels que nous collectons sont conserv\u00e9s dans un environnement s\u00e9curis\u00e9. Les personnes travaillant pour nous sont tenues de respecter la confidentialit\u00e9 de vos informations. Les sous-traitants ou mandataires de VIP Investigations sont li\u00e9s par des ententes ayant pour effet de leur interdire de d\u00e9voiler ou d\u2019utiliser les renseignements personnels des utilisateurs \u00e0 d\u2019autres fins que celles pr\u00e9vues au contrat.<\/span><\/p>\n<p><span style=\"font-weight: 400;\">VIP Investigations prend toutes les pr\u00e9cautions raisonnables afin de prot\u00e9ger les renseignements personnels de ses utilisateurs contre la perte, la destruction ainsi que l\u2019utilisation, la communication, la modification et la reproduction non autoris\u00e9es. \u00c0 cette fin, VIP Investigations suit tous les principes \u00e9tablis conform\u00e9ment aux pratiques canadiennes en mati\u00e8re de protection de la vie priv\u00e9e et des documents \u00e9lectroniques. Diff\u00e9rentes mesures de s\u00e9curit\u00e9 ont \u00e9t\u00e9 mises en place tel que l\u2019emplacement s\u00e9curitaire des \u00e9quipements informatiques et la protection de nos logiciels et bases de donn\u00e9es.\u00a0<\/span><\/p>\n<p><span style=\"font-weight: 400;\">Pour assurer la s\u00e9curit\u00e9 de vos renseignements personnels, nous avons recours aux mesures suivantes :<\/span><\/p>\n<ul>\n<li style=\"font-weight: 400;\" aria-level=\"1\"><span style=\"font-weight: 400;\">Protocole SSL<\/span><\/li>\n<li style=\"font-weight: 400;\" aria-level=\"1\"><span style=\"font-weight: 400;\">Gestion des acc\u00e8s &#8211; personne autoris\u00e9e<\/span><\/li>\n<li style=\"font-weight: 400;\" aria-level=\"1\"><span style=\"font-weight: 400;\">R\u00e9vision ponctuelle des acc\u00e8s administrateurs<\/span><\/li>\n<li style=\"font-weight: 400;\" aria-level=\"1\"><span style=\"font-weight: 400;\">Sauvegarde informatique<\/span><\/li>\n<li style=\"font-weight: 400;\" aria-level=\"1\"><span style=\"font-weight: 400;\">Mot de passe complexe obligatoire<\/span><\/li>\n<li style=\"font-weight: 400;\" aria-level=\"1\"><span style=\"font-weight: 400;\">Communication encrypt\u00e9e (HTTPS)<\/span><\/li>\n<li style=\"font-weight: 400;\" aria-level=\"1\"><span style=\"font-weight: 400;\">Pare-feu<\/span><\/li>\n<\/ul>\n<p><span style=\"font-weight: 400;\">Nous nous engageons \u00e0 maintenir un haut degr\u00e9 de confidentialit\u00e9 en int\u00e9grant les derni\u00e8res innovations technologiques permettant d\u2019assurer la confidentialit\u00e9 de vos informations. Toutefois, comme aucun m\u00e9canisme n\u2019offre une s\u00e9curit\u00e9 maximale, une part de risque est toujours pr\u00e9sente lorsque l\u2019on utilise Internet pour transmettre des renseignements personnels.\u00a0<\/span><\/p>\n<h2><span style=\"font-weight: 400;\">Divulgation \u00e0 des tiers<\/span><\/h2>\n<p><span style=\"font-weight: 400;\">VIP Investigations pourrait \u00eatre l\u00e9galement tenu de communiquer des renseignements personnels concernant un ou des utilisateurs lorsque des demandes valides, un mandat de perquisition, une citation \u00e0 compara\u00eetre ou d\u2019autres ordonnances d\u2019une cour de justice ou d\u2019un gouvernement lui sont pr\u00e9sent\u00e9s ou encore pour se conformer \u00e0 toute loi ou tout r\u00e8glement de m\u00eame que pour d\u00e9fendre les droits de VIP Investigations ou d\u2019un usager ou ultimement pour prot\u00e9ger la s\u00e9curit\u00e9 des utilisateurs ou du public.<\/span><\/p>\n<p><span style=\"font-weight: 400;\">Si, dans ces circonstances, VIP Investigations doit communiquer les renseignements personnels d\u2019un utilisateur \u00e0 des tiers, VIP Investigations prendra les mesures raisonnables afin d\u2019en assurer la protection.<\/span><\/p>\n<h2><span style=\"font-weight: 400;\">Modifications ult\u00e9rieures de la politique<\/span><\/h2>\n<p><span style=\"font-weight: 400;\">VIP Investigations se r\u00e9serve le droit de r\u00e9viser les termes de la pr\u00e9sente politique de confidentialit\u00e9 \u00e0 tout moment en affichant un avis \u00e0 cet effet sur son Site Web au moins 30 jours avant l\u2019entr\u00e9e en vigueur de la Politique r\u00e9vis\u00e9e. L\u2019utilisation du Site Web, post\u00e9rieurement \u00e0 l\u2019affichage d\u2019une version modifi\u00e9e de la politique, vaudra comme acceptation des modifications qui y auront \u00e9t\u00e9 apport\u00e9es. De plus, les utilisateurs sont invit\u00e9s \u00e0 consulter la pr\u00e9sente politique de confidentialit\u00e9 sur une base r\u00e9guli\u00e8re.<\/span><\/p>\n<h2><span style=\"font-weight: 400;\">L\u00e9gislation<\/span><\/h2>\n<p><span style=\"font-weight: 400;\">Nous nous engageons \u00e0 respecter les dispositions l\u00e9gislatives \u00e9nonc\u00e9es dans la loi 25 sur la gouvernance des renseignements personnels.<\/span><\/p>\n<h2><span style=\"font-weight: 400;\">Contact et traitement des plaintes<\/span><\/h2>\n<p><span style=\"font-weight: 400;\">Pour formuler une plainte relative \u00e0 la protection des renseignements personnels ou<\/span><\/p>\n<p><span style=\"font-weight: 400;\">si vous avez des questions \u00e0 poser au sujet de la pr\u00e9sente politique ou sur nos pratiques de traitement des renseignements personnels, vous pouvez communiquer avec nous par courriel ou par la poste aux coordonn\u00e9es suivantes : <\/span><a href=\"mailto:info@spyvip.com\"><span style=\"font-weight: 400;\">info@spyvip.com<\/span><\/a><span style=\"font-weight: 400;\">. <\/span><span style=\"font-weight: 400;\">\u00a0<\/span><\/p>\n<p><span style=\"font-weight: 400;\">VIP Investigations\u00a0\u00a0\u00a0\u00a0\u00a0\u00a0\u00a0\u00a0\u00a0\u00a0\u00a0\u00a0\u00a0\u00a0\u00a0\u00a0\u00a0\u00a0\u00a0\u00a0\u00a0\u00a0\u00a0\u00a0\u00a0\u00a0<\/span><\/p>\n<p><span style=\"font-weight: 400;\">83 rue Saint-Paul O<\/span><\/p>\n<p><span style=\"font-weight: 400;\">Montr\u00e9al (Qu\u00e9bec) H2Y1Z1<\/span><\/p>\n<p><span style=\"font-weight: 400;\"><\/span><\/p>\n<h2><span style=\"font-weight: 400;\">Personne responsable de la protection des renseignements personnels<\/span><\/h2>\n<p><span style=\"font-weight: 400;\">Remi Kalacyan, Propri\u00e9taire<\/span><\/p>\n<p><span style=\"font-weight: 400;\">514-238-8847 | remi@spyvip.com<\/span><\/p>\n<p>&nbsp;<\/p>\n<p><i><span style=\"font-weight: 400;\">Mise \u00e0 jour le 22-11-2023<\/span><\/i><\/p>\n<p>[\/et_pb_text][\/et_pb_column][\/et_pb_row][\/et_pb_section]<\/p>\n","protected":false},"excerpt":{"rendered":"<p>Politique de confidentialit\u00e9 Introduction VIP Investigations, soci\u00e9t\u00e9 op\u00e9ratrice du site Internet VIP Investigations, s\u2019engage \u00e0 respecter la vie priv\u00e9e de ses utilisateurs. Cette politique de confidentialit\u00e9 a pour but d\u2019exposer comment sont trait\u00e9s les renseignements personnels recueillis par le biais de notre site web \u00e0 l\u2019adresse suivante : spyvip.com.\u00a0 &nbsp; En nous fournissant vos informations [&hellip;]<\/p>\n","protected":false},"author":1,"featured_media":0,"parent":0,"menu_order":0,"comment_status":"closed","ping_status":"open","template":"","meta":{"_et_pb_use_builder":"on","_et_pb_old_content":"","_et_gb_content_width":"","footnotes":""},"dipi_cpt_category":[],"class_list":["post-3","page","type-page","status-publish","hentry"],"yoast_head":"<!-- This site is optimized with the Yoast SEO Premium plugin v25.4 (Yoast SEO v27.4) - https:\/\/yoast.com\/product\/yoast-seo-premium-wordpress\/ -->\n<title>Politique de confidentialit\u00e9 - Spy VIP<\/title>\n<meta name=\"robots\" content=\"index, follow, max-snippet:-1, max-image-preview:large, max-video-preview:-1\" \/>\n<link rel=\"canonical\" href=\"https:\/\/spyvip.com\/fr\/politique-de-confidentialite\/\" \/>\n<meta property=\"og:locale\" content=\"fr_FR\" \/>\n<meta property=\"og:type\" content=\"article\" \/>\n<meta property=\"og:title\" content=\"Politique de confidentialit\u00e9\" \/>\n<meta property=\"og:url\" content=\"https:\/\/spyvip.com\/fr\/politique-de-confidentialite\/\" \/>\n<meta property=\"og:site_name\" content=\"Spy VIP\" \/>\n<meta property=\"article:publisher\" content=\"https:\/\/www.facebook.com\/vipinvestigations\/\" \/>\n<meta property=\"article:modified_time\" content=\"2026-02-12T15:19:20+00:00\" \/>\n<meta property=\"og:image\" content=\"https:\/\/spyvip.com\/wp-content\/uploads\/2021\/03\/vip-logo.jpg\" \/>\n\t<meta property=\"og:image:width\" content=\"700\" \/>\n\t<meta property=\"og:image:height\" content=\"350\" \/>\n\t<meta property=\"og:image:type\" content=\"image\/jpeg\" \/>\n<meta name=\"twitter:card\" content=\"summary_large_image\" \/>\n<script type=\"application\/ld+json\" class=\"yoast-schema-graph\">{\"@context\":\"https:\\\/\\\/schema.org\",\"@graph\":[{\"@type\":\"WebPage\",\"@id\":\"https:\\\/\\\/spyvip.com\\\/fr\\\/politique-de-confidentialite\\\/\",\"url\":\"https:\\\/\\\/spyvip.com\\\/fr\\\/politique-de-confidentialite\\\/\",\"name\":\"Politique de confidentialit\u00e9 - Spy VIP\",\"isPartOf\":{\"@id\":\"https:\\\/\\\/spyvip.com\\\/fr\\\/#website\"},\"datePublished\":\"2020-10-16T00:05:35+00:00\",\"dateModified\":\"2026-02-12T15:19:20+00:00\",\"breadcrumb\":{\"@id\":\"https:\\\/\\\/spyvip.com\\\/fr\\\/politique-de-confidentialite\\\/#breadcrumb\"},\"inLanguage\":\"fr-FR\",\"potentialAction\":[{\"@type\":\"ReadAction\",\"target\":[\"https:\\\/\\\/spyvip.com\\\/fr\\\/politique-de-confidentialite\\\/\"]}]},{\"@type\":\"BreadcrumbList\",\"@id\":\"https:\\\/\\\/spyvip.com\\\/fr\\\/politique-de-confidentialite\\\/#breadcrumb\",\"itemListElement\":[{\"@type\":\"ListItem\",\"position\":1,\"name\":\"Home\",\"item\":\"https:\\\/\\\/spyvip.com\\\/fr\\\/\"},{\"@type\":\"ListItem\",\"position\":2,\"name\":\"Politique de confidentialit\u00e9\"}]},{\"@type\":\"WebSite\",\"@id\":\"https:\\\/\\\/spyvip.com\\\/fr\\\/#website\",\"url\":\"https:\\\/\\\/spyvip.com\\\/fr\\\/\",\"name\":\"Spy VIP\",\"description\":\"Agence d&#039;investigation priv\u00e9e\",\"publisher\":{\"@id\":\"https:\\\/\\\/spyvip.com\\\/fr\\\/#organization\"},\"potentialAction\":[{\"@type\":\"SearchAction\",\"target\":{\"@type\":\"EntryPoint\",\"urlTemplate\":\"https:\\\/\\\/spyvip.com\\\/fr\\\/?s={search_term_string}\"},\"query-input\":{\"@type\":\"PropertyValueSpecification\",\"valueRequired\":true,\"valueName\":\"search_term_string\"}}],\"inLanguage\":\"fr-FR\"},{\"@type\":\"Organization\",\"@id\":\"https:\\\/\\\/spyvip.com\\\/fr\\\/#organization\",\"name\":\"VIP Investigation\",\"url\":\"https:\\\/\\\/spyvip.com\\\/fr\\\/\",\"logo\":{\"@type\":\"ImageObject\",\"inLanguage\":\"fr-FR\",\"@id\":\"https:\\\/\\\/spyvip.com\\\/fr\\\/#\\\/schema\\\/logo\\\/image\\\/\",\"url\":\"https:\\\/\\\/spyvip.com\\\/wp-content\\\/uploads\\\/2021\\\/03\\\/vip-logo.jpg\",\"contentUrl\":\"https:\\\/\\\/spyvip.com\\\/wp-content\\\/uploads\\\/2021\\\/03\\\/vip-logo.jpg\",\"width\":700,\"height\":350,\"caption\":\"VIP Investigation\"},\"image\":{\"@id\":\"https:\\\/\\\/spyvip.com\\\/fr\\\/#\\\/schema\\\/logo\\\/image\\\/\"},\"sameAs\":[\"https:\\\/\\\/www.facebook.com\\\/vipinvestigations\\\/\",\"https:\\\/\\\/www.linkedin.com\\\/company\\\/vip-investigations-inc.\\\/\",\"https:\\\/\\\/www.youtube.com\\\/channel\\\/UCjkQndMhSkXDZijaE5vlOSg\"]}]}<\/script>\n<!-- \/ Yoast SEO Premium plugin. -->","yoast_head_json":{"title":"Politique de confidentialit\u00e9 - Spy VIP","robots":{"index":"index","follow":"follow","max-snippet":"max-snippet:-1","max-image-preview":"max-image-preview:large","max-video-preview":"max-video-preview:-1"},"canonical":"https:\/\/spyvip.com\/fr\/politique-de-confidentialite\/","og_locale":"fr_FR","og_type":"article","og_title":"Politique de confidentialit\u00e9","og_url":"https:\/\/spyvip.com\/fr\/politique-de-confidentialite\/","og_site_name":"Spy VIP","article_publisher":"https:\/\/www.facebook.com\/vipinvestigations\/","article_modified_time":"2026-02-12T15:19:20+00:00","og_image":[{"width":700,"height":350,"url":"https:\/\/spyvip.com\/wp-content\/uploads\/2021\/03\/vip-logo.jpg","type":"image\/jpeg"}],"twitter_card":"summary_large_image","schema":{"@context":"https:\/\/schema.org","@graph":[{"@type":"WebPage","@id":"https:\/\/spyvip.com\/fr\/politique-de-confidentialite\/","url":"https:\/\/spyvip.com\/fr\/politique-de-confidentialite\/","name":"Politique de confidentialit\u00e9 - Spy VIP","isPartOf":{"@id":"https:\/\/spyvip.com\/fr\/#website"},"datePublished":"2020-10-16T00:05:35+00:00","dateModified":"2026-02-12T15:19:20+00:00","breadcrumb":{"@id":"https:\/\/spyvip.com\/fr\/politique-de-confidentialite\/#breadcrumb"},"inLanguage":"fr-FR","potentialAction":[{"@type":"ReadAction","target":["https:\/\/spyvip.com\/fr\/politique-de-confidentialite\/"]}]},{"@type":"BreadcrumbList","@id":"https:\/\/spyvip.com\/fr\/politique-de-confidentialite\/#breadcrumb","itemListElement":[{"@type":"ListItem","position":1,"name":"Home","item":"https:\/\/spyvip.com\/fr\/"},{"@type":"ListItem","position":2,"name":"Politique de confidentialit\u00e9"}]},{"@type":"WebSite","@id":"https:\/\/spyvip.com\/fr\/#website","url":"https:\/\/spyvip.com\/fr\/","name":"Spy VIP","description":"Agence d&#039;investigation priv\u00e9e","publisher":{"@id":"https:\/\/spyvip.com\/fr\/#organization"},"potentialAction":[{"@type":"SearchAction","target":{"@type":"EntryPoint","urlTemplate":"https:\/\/spyvip.com\/fr\/?s={search_term_string}"},"query-input":{"@type":"PropertyValueSpecification","valueRequired":true,"valueName":"search_term_string"}}],"inLanguage":"fr-FR"},{"@type":"Organization","@id":"https:\/\/spyvip.com\/fr\/#organization","name":"VIP Investigation","url":"https:\/\/spyvip.com\/fr\/","logo":{"@type":"ImageObject","inLanguage":"fr-FR","@id":"https:\/\/spyvip.com\/fr\/#\/schema\/logo\/image\/","url":"https:\/\/spyvip.com\/wp-content\/uploads\/2021\/03\/vip-logo.jpg","contentUrl":"https:\/\/spyvip.com\/wp-content\/uploads\/2021\/03\/vip-logo.jpg","width":700,"height":350,"caption":"VIP Investigation"},"image":{"@id":"https:\/\/spyvip.com\/fr\/#\/schema\/logo\/image\/"},"sameAs":["https:\/\/www.facebook.com\/vipinvestigations\/","https:\/\/www.linkedin.com\/company\/vip-investigations-inc.\/","https:\/\/www.youtube.com\/channel\/UCjkQndMhSkXDZijaE5vlOSg"]}]}},"_links":{"self":[{"href":"https:\/\/spyvip.com\/fr\/wp-json\/wp\/v2\/pages\/3","targetHints":{"allow":["GET"]}}],"collection":[{"href":"https:\/\/spyvip.com\/fr\/wp-json\/wp\/v2\/pages"}],"about":[{"href":"https:\/\/spyvip.com\/fr\/wp-json\/wp\/v2\/types\/page"}],"author":[{"embeddable":true,"href":"https:\/\/spyvip.com\/fr\/wp-json\/wp\/v2\/users\/1"}],"replies":[{"embeddable":true,"href":"https:\/\/spyvip.com\/fr\/wp-json\/wp\/v2\/comments?post=3"}],"version-history":[{"count":9,"href":"https:\/\/spyvip.com\/fr\/wp-json\/wp\/v2\/pages\/3\/revisions"}],"predecessor-version":[{"id":25957971,"href":"https:\/\/spyvip.com\/fr\/wp-json\/wp\/v2\/pages\/3\/revisions\/25957971"}],"wp:attachment":[{"href":"https:\/\/spyvip.com\/fr\/wp-json\/wp\/v2\/media?parent=3"}],"wp:term":[{"taxonomy":"dipi_cpt_category","embeddable":true,"href":"https:\/\/spyvip.com\/fr\/wp-json\/wp\/v2\/dipi_cpt_category?post=3"}],"curies":[{"name":"wp","href":"https:\/\/api.w.org\/{rel}","templated":true}]}}